{"id":26016,"date":"2024-08-02T23:16:21","date_gmt":"2024-08-02T21:16:21","guid":{"rendered":"https:\/\/monalashop.com\/?page_id=26016"},"modified":"2024-08-08T01:50:31","modified_gmt":"2024-08-07T23:50:31","slug":"dydziai","status":"publish","type":"page","link":"https:\/\/monalashop.com\/lt\/dydziai\/","title":{"rendered":"Dyd\u017eiai"},"content":{"rendered":"<div class=\"wp-block-greenshift-blocks-row alignfull gspb_row gspb_row-id-gsbp-c7aa775\" id=\"gspb_row-id-gsbp-c7aa775\">\n<div class=\"wp-block-greenshift-blocks-row-column gspb_row__col--12 gspb_col-id-gsbp-2580ae6\" id=\"gspb_col-id-gsbp-2580ae6\"><div class=\"gspb_backgroundOverlay\"><\/div>\n<h1 id=\"gspb_heading-id-gsbp-249e1bc\" class=\"gspb_heading gspb_heading-id-gsbp-249e1bc\">Dyd\u017eiai<\/h1>\n\n\n<\/div>\n<\/div>\n\n\n\n<p id=\"gspb_text-id-gsbp-2a4c9f1\" class=\"gspb_text gspb_text-id-gsbp-2a4c9f1\">Norint m\u0117gautis neprilygstamu komfortu, i\u0161skirtine kokybe ir nepaprastu prakti\u0161kumu, b\u016btina u\u017etikrinti, kad merino vilnos trikota\u017eas puikiai tikt\u0173. Merino vilna gars\u0117ja savo mink\u0161tumu, elastingumu ir pralaidumu orui, tod\u0117l yra universalus pasirinkimas, tinkantis \u012fvairioms klimato s\u0105lygoms. Jos nat\u016bralus patvarumas u\u017etikrina, kad mezginiai ilgus metus i\u0161laikys savo form\u0105 ir gra\u017eiai atrodys. Atlikite \u0161iuos paprastus veiksmus, kad su\u017einotum\u0117te savo ideal\u0173 dyd\u012f ir pajustum\u0117te merino vilnos prabang\u0105 bei atsparum\u0105.<\/p>\n\n\n\n<h3 class=\"wp-block-heading\" id=\"step-1-take-your-body-measurements\">1 \u017eingsnis: atlikite k\u016bno matavimus<\/h3>\n\n\n\n<ol start=\"1\" class=\"wp-block-list\">\n<li><strong>Kr\u016btin\u0117 \/ kr\u016btin\u0117s l\u0105sta<\/strong>: Apvyniokite matuokl\u012f aplink pilniausi\u0105 kr\u016btin\u0117s dal\u012f, kad jis b\u016bt\u0173 horizontalus.<\/li>\n\n\n\n<li><strong>Juosmuo<\/strong>: I\u0161matuokite siauriausi\u0105 liemens dal\u012f, paprastai \u0161iek tiek auk\u0161\u010diau bambos.<\/li>\n\n\n\n<li><strong>Klubai<\/strong>: I\u0161matuokite pilniausi\u0105 klub\u0173 dal\u012f, laikydami juostel\u0119 horizontaliai.<\/li>\n\n\n\n<li><strong>Rankovi\u0173 ilgis<\/strong>: Matuokite nuo peties galo iki rie\u0161o.<\/li>\n\n\n\n<li><strong>K\u016bno ilgis<\/strong>: Matuokite nuo slankstelio i\u0161kilimo ta\u0161ko (kaulas, i\u0161siki\u0161\u0119s ties kaklo pagrindu) iki norimo ilgio.<\/li>\n<\/ol>\n\n\n\n<h3 class=\"wp-block-heading\" id=\"step-2-consider-the-fit-style\">2 \u017eingsnis: apsvarstykite tinkamumo stili\u0173<\/h3>\n\n\n\n<ul class=\"wp-block-list\">\n<li><strong>Slim Fit<\/strong>: Jei norite, kad drabu\u017eiai atrodyt\u0173 kaip pagal u\u017esakym\u0105, pasirinkite tiksl\u0173 dyd\u012f.<\/li>\n\n\n\n<li><strong>Reguliaraus kirpimo<\/strong>: Jei norite klasikinio kirpimo ir \u0161iek tiek vietos, rinkit\u0117s \u012fprast\u0105 dyd\u012f.<\/li>\n\n\n\n<li><strong>Atpalaiduojan\u010dio kirpimo<\/strong>: Jei norite laisvesnio ir patogesnio d\u0117v\u0117jimo, apsvarstykite galimyb\u0119 padidinti dyd\u012f.<\/li>\n<\/ul>\n\n\n\n<h3 class=\"wp-block-heading\" id=\"available-sizes\">Galimi dyd\u017eiai<\/h3>\n\n\n\n<p>Si\u016blome \u012fvairi\u0173 dyd\u017ei\u0173 trikota\u017e\u0105 ir tarpini\u0173 dyd\u017ei\u0173, ir viengub\u0173 dyd\u017ei\u0173 trikota\u017e\u0105, kad jis tikt\u0173 \u012fvairiems k\u016bno tipams:<\/p>\n\n\n\n<ul class=\"wp-block-list\">\n<li><strong>Tarpiniai dyd\u017eiai<\/strong>: XS\/S, S\/M, M\/L, L\/XL<\/li>\n\n\n\n<li><strong>Pavieniai dyd\u017eiai<\/strong>: XS, S, M, L, XL<\/li>\n<\/ul>\n\n\n\n<p>Atkreipkite d\u0117mes\u012f, kad tai yra europieti\u0161ki dyd\u017eiai, kurie j\u016bs\u0173 patogumui pateikiami ir centimetrais, ir coliais.<\/p>\n\n\n\n<h3 class=\"wp-block-heading\" id=\"additional-tips\">Papildomi patarimai<\/h3>\n\n\n\n<p>Stengiam\u0117s, kad m\u016bs\u0173 trikota\u017eo gamini\u0173 matmenys b\u016bt\u0173 tiksl\u016bs, ta\u010diau atkreipkite d\u0117mes\u012f, kad d\u0117l audinio ir mezgimo proceso gali atsirasti nedidelis 1-2 cm nuokrypis.<\/p>\n\n\n\n<ul class=\"wp-block-list\">\n<li><strong>Sluoksniavimas<\/strong>: Jei planuojate d\u0117v\u0117ti sluoksnius, apsvarstykite galimyb\u0119 padidinti dyd\u012f, kad b\u016bt\u0173 patogiau.<\/li>\n\n\n\n<li><strong>Trikota\u017eo prie\u017ei\u016bra<\/strong>: Tinkamai pri\u017ei\u016brint merino vilnos trikota\u017eas i\u0161laikys savo form\u0105, nei\u0161sitampys ir nesusitrauks. Rekomenduojame perskaityti m\u016bs\u0173 prie\u017ei\u016bros vadov\u0105, kuriame rasite i\u0161samias instrukcijas.<\/li>\n<\/ul>\n\n\n\n<p id=\"gspb_text-id-gsbp-1d6e30d\" class=\"gspb_text gspb_text-id-gsbp-1d6e30d\">Tikim\u0117s, kad \u0161is vadovas pad\u0117s jums rasti tinkamiausi\u0105 merino vilnos trikota\u017eo dyd\u012f. Jei turite klausim\u0173 ar reikia papildomos pagalbos, nedvejodami kreipkit\u0117s adresu <a href=\"mailto:info@monalashop.com\">info@monalashop.com<\/a>.<\/p>","protected":false},"excerpt":{"rendered":"<p>Step 1: Take Your Body Measurements Step 2: Consider the Fit Style Available Sizes We offer our knitwear in both in-between sizes and single sizes to accommodate different body types: Please note that these are European sizes, which are presented in both centimeters and inches for your convenience. Additional Tips We strive for precise measurements [&hellip;]<\/p>\n","protected":false},"author":5,"featured_media":0,"parent":0,"menu_order":0,"comment_status":"closed","ping_status":"closed","template":"","meta":{"_gspb_post_css":"#gspb_row-id-gsbp-c7aa775{justify-content:space-between;margin-bottom:0;display:flex;flex-wrap:wrap;min-height:700px}#gspb_row-id-gsbp-c7aa775>.gspb_row__content{display:flex;justify-content:space-between;margin:0 auto;width:100%;flex-wrap:wrap}.gspb_row{position:relative}div[id^=gspb_col-id]{box-sizing:border-box;position:relative;padding:15px min(3vw,20px)}@media (max-width:991.98px){#gspb_row-id-gsbp-c7aa775{min-height:400px}}#gspb_row-id-gsbp-c7aa775,.gspb_row #gspb_col-id-gsbp-2580ae6.gspb_row__col--12{margin-top:-60px}#gspb_col-id-gsbp-2580ae6.gspb_row__col--12{width:100%}@media (max-width:575.98px){#gspb_col-id-gsbp-2580ae6.gspb_row__col--12{width:100%}}@media (max-width:991.98px){.gspb_row #gspb_col-id-gsbp-2580ae6.gspb_row__col--12{margin-top:-120px}}#gspb_col-id-gsbp-2580ae6.gspb_row__col--12{background-size:cover;background-repeat:no-repeat;background-position:55% 58%;background-image:url(https:\/\/monalashop.com\/wp-content\/uploads\/2024\/08\/PHOTO-NR-4-20240807-223258.jpg);isolation:isolate}#gspb_col-id-gsbp-2580ae6.gspb_row__col--12:hover{background-size:cover}#gspb_col-id-gsbp-2580ae6.gspb_row__col--12>.gspb_backgroundOverlay{position:absolute;top:0;left:0;width:100%;height:100%;z-index:-1;opacity:.29;background-color:var(--wp--preset--color--palette-color-1, var(--theme-palette-color-1, #626659))}body #gspb_col-id-gsbp-2580ae6.gspb_row__col--12{display:flex;flex-direction:column;justify-content:center;align-content:center;align-items:center}#gspb_heading-id-gsbp-249e1bc{color:var(--wp--preset--color--palette-color-8, var(--theme-palette-color-8, #ffffff))}.gspb_text-id-gsbp-2a4c9f1{margin-top:128px!important}","footnotes":""},"class_list":["post-26016","page","type-page","status-publish","hentry"],"blocksy_meta":{"has_hero_section":"disabled","styles_descriptor":{"styles":{"desktop":"","tablet":"","mobile":""},"google_fonts":[],"version":6}},"_links":{"self":[{"href":"https:\/\/monalashop.com\/lt\/wp-json\/wp\/v2\/pages\/26016","targetHints":{"allow":["GET"]}}],"collection":[{"href":"https:\/\/monalashop.com\/lt\/wp-json\/wp\/v2\/pages"}],"about":[{"href":"https:\/\/monalashop.com\/lt\/wp-json\/wp\/v2\/types\/page"}],"author":[{"embeddable":true,"href":"https:\/\/monalashop.com\/lt\/wp-json\/wp\/v2\/users\/5"}],"replies":[{"embeddable":true,"href":"https:\/\/monalashop.com\/lt\/wp-json\/wp\/v2\/comments?post=26016"}],"version-history":[{"count":0,"href":"https:\/\/monalashop.com\/lt\/wp-json\/wp\/v2\/pages\/26016\/revisions"}],"wp:attachment":[{"href":"https:\/\/monalashop.com\/lt\/wp-json\/wp\/v2\/media?parent=26016"}],"curies":[{"name":"wp","href":"https:\/\/api.w.org\/{rel}","templated":true}]}}