{"id":26014,"date":"2024-08-02T23:11:37","date_gmt":"2024-08-02T21:11:37","guid":{"rendered":"https:\/\/monalashop.com\/?page_id=26014"},"modified":"2024-08-08T01:48:23","modified_gmt":"2024-08-07T23:48:23","slug":"merino-vilnos-drabuziu-prieziura","status":"publish","type":"page","link":"https:\/\/monalashop.com\/lt\/merino-vilnos-drabuziu-prieziura\/","title":{"rendered":"Merino vilnos drabu\u017ei\u0173 prie\u017ei\u016bra"},"content":{"rendered":"<div class=\"wp-block-greenshift-blocks-row alignfull gspb_row gspb_row-id-gsbp-c7aa775\" id=\"gspb_row-id-gsbp-c7aa775\">\n<div class=\"wp-block-greenshift-blocks-row-column gspb_row__col--12 gspb_col-id-gsbp-2580ae6\" id=\"gspb_col-id-gsbp-2580ae6\"><div class=\"gspb_backgroundOverlay\"><\/div>\n<h1 id=\"gspb_heading-id-gsbp-249e1bc\" class=\"gspb_heading gspb_heading-id-gsbp-249e1bc\">Prie\u017ei\u016bra<\/h1>\n\n\n<\/div>\n<\/div>\n\n\n\n<p id=\"gspb_text-id-gsbp-8cf411d\" class=\"gspb_text gspb_text-id-gsbp-8cf411d\">Sveiki atvyk\u0119 \u012f merino vilnos pasaul\u012f, kuriame prabanga dera su prakti\u0161kumu ir kuriami nuostab\u016bs megzti drabu\u017eiai, kurie yra mink\u0161ti, \u0161ilti ir itin pralaid\u016bs orui. Merino vilnos gamini\u0173 prie\u017ei\u016bra - tai ne tik prie\u017ei\u016bra, bet ir kokyb\u0117s i\u0161saugojimas, siekiant u\u017etikrinti, kad j\u016bs\u0173 investicija tarnaut\u0173 ilgus metus.<\/p>\n\n\n\n<h2 class=\"wp-block-heading\" id=\"understanding-merino-wool\">Merino vilnos supratimas<\/h2>\n\n\n\n<p>Prie\u0161 pradedant nagrin\u0117ti prie\u017ei\u016bros instrukcijas, naudinga suprasti, kuo ypatinga merino vilna:<\/p>\n\n\n\n<ul class=\"wp-block-list\">\n<li><strong>Mink\u0161tumas<\/strong>: Merino vilnos pluo\u0161tai yra plonesni ir mink\u0161tesni nei tradicin\u0117s vilnos, tod\u0117l maloniai jau\u010diasi prie odos.<\/li>\n\n\n\n<li><strong>Temperat\u016bros reguliavimas<\/strong>: Ji nat\u016braliai reguliuoja k\u016bno temperat\u016br\u0105, tod\u0117l \u0161altu oru i\u0161lieka \u0161ilta, o \u0161iltu - v\u0117su.<\/li>\n\n\n\n<li><strong>Dr\u0117gm\u0117s \u0161alinimas<\/strong>: Merino vilna sugeria dr\u0117gm\u0119 ir i\u0161skiria j\u0105 \u012f or\u0105, tod\u0117l i\u0161lieka sausa.<\/li>\n\n\n\n<li><strong>Atsparumas kvapams<\/strong>: Jis turi nat\u016brali\u0173 antimikrobini\u0173 savybi\u0173, kurios ma\u017eina nemalon\u0173 kvap\u0105.<\/li>\n<\/ul>\n\n\n\n<h2 class=\"wp-block-heading\" id=\"washing-your-merino-wool-knitwear\">Merino vilnos trikota\u017eo skalbimas<\/h2>\n\n\n\n<p>Merino vilnos trikota\u017e\u0105 skalbkite tik tada, kai reikia, pavyzd\u017eiui, kart\u0105 per metus arba kai jis atrodo ne\u0161varus. Merino vilna nat\u016braliai atspari kvapams, tod\u0117l galite i\u0161laikyti j\u0105 gaivi\u0105 tiesiog i\u0161v\u0117dindami tarp d\u0117v\u0117jim\u0173.<\/p>\n\n\n\n<p>Kad nepa\u017eeistum\u0117te pluo\u0161to, rinkit\u0117s vilnai skirt\u0105 arba \u0161veln\u0173 skalbikl\u012f.<\/p>\n\n\n\n<div id=\"washing-by-hand\"><\/div><h3 id=\"gspb_heading-id-gsbp-a03e8a9\" class=\"gspb_heading gspb_heading-id-gsbp-a03e8a9\">Skalbimas rankomis<\/h3>\n\n\n\n<p>Pripildykite \u0161vari\u0105 kriaukl\u0119 arba duben\u012f drungnu vandeniu (30\u00baC). \u012epilkite nedidel\u012f kiek\u012f \u0161velnaus vilnos ploviklio ir atsargiai i\u0161mai\u0161ykite.<\/p>\n\n\n\n<p>\u0160velniai skalbkite: apverskite drabu\u017e\u012f \u012f kit\u0105 pus\u0119. \u012emerkite j\u012f \u012f muiluot\u0105 vanden\u012f ir kelias minutes \u0161velniai papurtykite. Venkite \u0161veitimo, trynimo ar tempimo.<\/p>\n\n\n\n<p>Kruop\u0161\u010diai nuplaukite: Nusausinkite muiluot\u0105 vanden\u012f. Pripilkite \u012f duben\u012f \u0161varaus drungno vandens ir \u0161velniai papurtykite drabu\u017e\u012f, kad i\u0161skalautum\u0117te. Kartokite, kol vanduo bus \u0161varus.<\/p>\n\n\n\n<h2 class=\"wp-block-heading\" id=\"drying-your-merino-wool-knitwear\">Merino vilnos trikota\u017eo d\u017eiovinimas<\/h2>\n\n\n\n<p><strong>Pa\u0161alinkite vandens pertekli\u0173: <\/strong>Drabu\u017e\u012f lygiai pad\u0117kite ant \u0161varaus, sauso rank\u0161luos\u010dio. Suvyniokite rank\u0161luost\u012f ir drabu\u017e\u012f kartu, \u0161velniai spausdami, kad sugert\u0173 daugiau vandens.<\/p>\n\n\n\n<p><strong>Sausas plok\u0161\u010dias: <\/strong>I\u0161 naujo suformuokite drabu\u017e\u012f \u012f pradin\u0119 form\u0105 ir pad\u0117kite j\u012f lygiai ant sauso rank\u0161luos\u010dio arba d\u017eiovinimo stovo. Venkite kabinti, nes tai gali i\u0161tempti ir i\u0161kraipyti audin\u012f.<\/p>\n\n\n\n<p><strong>Saugokite nuo kar\u0161\u010dio<\/strong>: Ned\u0117kite merino vilnos prie tiesiogini\u0173 \u0161ilumos \u0161altini\u0173, pavyzd\u017eiui, radiatori\u0173 ar tiesiogini\u0173 saul\u0117s spinduli\u0173. Leiskite jai nat\u016braliai i\u0161d\u017ei\u016bti gerai v\u0117dinamoje patalpoje.<\/p>\n\n\n\n<p><strong>Cheminio valymo galimyb\u0117<\/strong><\/p>\n\n\n\n<p>Tiems, kurie renkasi patogesn\u012f variant\u0105, merino vilnos mezginius galima valyti sausuoju b\u016bdu. \u0160is b\u016bdas veiksmingai padeda i\u0161laikyti drabu\u017eio form\u0105 ir mink\u0161tum\u0105 ir i\u0161vengti galim\u0173 problem\u0173, susijusi\u0173 su skalbimu namuose. Visada informuokite cheminio valymo \u012fmon\u0119, kad j\u016bs\u0173 drabu\u017eis pagamintas i\u0161 merino vilnos, kad b\u016bt\u0173 u\u017etikrinta, jog ji naudos tinkamas technologijas.<\/p>\n\n\n\n<h2 class=\"wp-block-heading\" id=\"storage-methods\">Saugojimo metodai<\/h2>\n\n\n\n<p>Nor\u0117dami laikyti merino vilnos trikota\u017e\u0105, pirmiausia \u012fsitikinkite, kad drabu\u017eiai yra \u0161var\u016bs ir visi\u0161kai sausi. Atsargiai sulankstykite juos, vengdami rauk\u0161li\u0173, ir sud\u0117kite \u012f orui pralaid\u017eias talpyklas, pavyzd\u017eiui, med\u017eiaginius mai\u0161elius ar d\u0117\u017ees. Laikykite v\u0117sioje ir sausoje vietoje, atokiau nuo tiesiogini\u0173 saul\u0117s spinduli\u0173. Apsaugai nuo kenk\u0117j\u0173 naudokite nat\u016bralias kand\u017ei\u0173 atbaidymo priemones, pavyzd\u017eiui, kedro kamuoliukus arba levand\u0173 paket\u0117lius. Reguliariai v\u0117dinkite ir tikrinkite trikota\u017e\u0105, kad i\u0161laikytum\u0117te jo kokyb\u0119.<\/p>\n\n\n\n<p>Tinkama merino vilnos mezgini\u0173 prie\u017ei\u016bra u\u017etikrina, kad \u0161ie gra\u017e\u016bs, auk\u0161tos kokyb\u0117s drabu\u017eiai ilgus metus i\u0161liks j\u016bs\u0173 garderobo dalimi. Laikydamiesi \u0161i\u0173 paprast\u0173 prie\u017ei\u016bros instrukcij\u0173, galite i\u0161laikyti savo merino vilnos mezgini\u0173 mink\u0161tum\u0105, form\u0105 ir i\u0161vaizd\u0105, tod\u0117l gal\u0117site d\u017eiaugtis j\u0173 patogumu ir stiliumi daugel\u012f sezon\u0173.<\/p>","protected":false},"excerpt":{"rendered":"<p>Understanding Merino Wool Before diving into the care instructions, it\u2019s helpful to understand what makes merino wool special: Washing Your Merino Wool Knitwear Wash your merino wool knitwear only when needed, like once a year or when it looks dirty. Merino wool naturally resists odors, so you can keep it fresh by just airing it [&hellip;]<\/p>\n","protected":false},"author":5,"featured_media":0,"parent":0,"menu_order":0,"comment_status":"closed","ping_status":"closed","template":"","meta":{"_gspb_post_css":"#gspb_row-id-gsbp-c7aa775{justify-content:space-between;margin-bottom:0;display:flex;flex-wrap:wrap;min-height:700px}#gspb_row-id-gsbp-c7aa775>.gspb_row__content{display:flex;justify-content:space-between;margin:0 auto;width:100%;flex-wrap:wrap}.gspb_row{position:relative}div[id^=gspb_col-id]{box-sizing:border-box;position:relative;padding:15px min(3vw,20px)}@media (max-width:991.98px){#gspb_row-id-gsbp-c7aa775{min-height:400px}}#gspb_row-id-gsbp-c7aa775,.gspb_row #gspb_col-id-gsbp-2580ae6.gspb_row__col--12{margin-top:-60px}#gspb_col-id-gsbp-2580ae6.gspb_row__col--12{width:100%}@media (max-width:575.98px){#gspb_col-id-gsbp-2580ae6.gspb_row__col--12{width:100%}}@media (max-width:991.98px){.gspb_row #gspb_col-id-gsbp-2580ae6.gspb_row__col--12{margin-top:-120px}}#gspb_col-id-gsbp-2580ae6.gspb_row__col--12{background-size:cover;background-repeat:no-repeat;background-position:55% 58%;background-image:url(https:\/\/monalashop.com\/wp-content\/uploads\/2024\/08\/PHOTO-NR-4-20240807-223258.jpg);isolation:isolate}#gspb_col-id-gsbp-2580ae6.gspb_row__col--12:hover{background-size:cover}#gspb_col-id-gsbp-2580ae6.gspb_row__col--12>.gspb_backgroundOverlay{position:absolute;top:0;left:0;width:100%;height:100%;z-index:-1;opacity:.29;background-color:var(--wp--preset--color--palette-color-1, var(--theme-palette-color-1, #626659))}body #gspb_col-id-gsbp-2580ae6.gspb_row__col--12{display:flex;flex-direction:column;justify-content:center;align-content:center;align-items:center}#gspb_heading-id-gsbp-249e1bc{color:var(--wp--preset--color--palette-color-8, var(--theme-palette-color-8, #ffffff))}.gspb_text-id-gsbp-8cf411d{margin-top:128px!important}","footnotes":""},"class_list":["post-26014","page","type-page","status-publish","hentry"],"blocksy_meta":{"has_hero_section":"disabled","styles_descriptor":{"styles":{"desktop":"","tablet":"","mobile":""},"google_fonts":[],"version":6}},"_links":{"self":[{"href":"https:\/\/monalashop.com\/lt\/wp-json\/wp\/v2\/pages\/26014","targetHints":{"allow":["GET"]}}],"collection":[{"href":"https:\/\/monalashop.com\/lt\/wp-json\/wp\/v2\/pages"}],"about":[{"href":"https:\/\/monalashop.com\/lt\/wp-json\/wp\/v2\/types\/page"}],"author":[{"embeddable":true,"href":"https:\/\/monalashop.com\/lt\/wp-json\/wp\/v2\/users\/5"}],"replies":[{"embeddable":true,"href":"https:\/\/monalashop.com\/lt\/wp-json\/wp\/v2\/comments?post=26014"}],"version-history":[{"count":0,"href":"https:\/\/monalashop.com\/lt\/wp-json\/wp\/v2\/pages\/26014\/revisions"}],"wp:attachment":[{"href":"https:\/\/monalashop.com\/lt\/wp-json\/wp\/v2\/media?parent=26014"}],"curies":[{"name":"wp","href":"https:\/\/api.w.org\/{rel}","templated":true}]}}