{"id":1450,"date":"2020-03-09T06:51:00","date_gmt":"2020-03-09T08:51:00","guid":{"rendered":"https:\/\/monalashop.com\/?page_id=1450"},"modified":"2020-03-09T06:56:53","modified_gmt":"2020-03-09T08:56:53","slug":"gautas-uzsakymas","status":"publish","type":"page","link":"https:\/\/monalashop.com\/lt\/gautas-uzsakymas\/","title":{"rendered":"Gautas u\u017esakymas"},"content":{"rendered":"<h1>A\u010di\u016b, J\u016bs\u0173 u\u017esakymas gautas<\/h1>\n<p>\t\t\t<a href=\"http:\/\/monalashop.com\/lt\/\" role=\"button\"><br \/>\n\t\t\t\t\t\tPagrindinis puslapis<br \/>\n\t\t\t\t\t<\/a><\/p>","protected":false},"excerpt":{"rendered":"<p>Thank you, Your order has been received Home page<\/p>","protected":false},"author":1,"featured_media":0,"parent":0,"menu_order":0,"comment_status":"closed","ping_status":"closed","template":"","meta":{"_gspb_post_css":"","footnotes":""},"class_list":["post-1450","page","type-page","status-publish","hentry"],"blocksy_meta":[],"_links":{"self":[{"href":"https:\/\/monalashop.com\/lt\/wp-json\/wp\/v2\/pages\/1450","targetHints":{"allow":["GET"]}}],"collection":[{"href":"https:\/\/monalashop.com\/lt\/wp-json\/wp\/v2\/pages"}],"about":[{"href":"https:\/\/monalashop.com\/lt\/wp-json\/wp\/v2\/types\/page"}],"author":[{"embeddable":true,"href":"https:\/\/monalashop.com\/lt\/wp-json\/wp\/v2\/users\/1"}],"replies":[{"embeddable":true,"href":"https:\/\/monalashop.com\/lt\/wp-json\/wp\/v2\/comments?post=1450"}],"version-history":[{"count":0,"href":"https:\/\/monalashop.com\/lt\/wp-json\/wp\/v2\/pages\/1450\/revisions"}],"wp:attachment":[{"href":"https:\/\/monalashop.com\/lt\/wp-json\/wp\/v2\/media?parent=1450"}],"curies":[{"name":"wp","href":"https:\/\/api.w.org\/{rel}","templated":true}]}}